{"id":1826,"date":"2024-02-03T02:07:29","date_gmt":"2024-02-03T01:07:29","guid":{"rendered":"https:\/\/sannicolasvalley.com\/faqs\/"},"modified":"2024-04-17T04:45:05","modified_gmt":"2024-04-17T02:45:05","slug":"faqs","status":"publish","type":"page","link":"https:\/\/sannicolasvalley.com\/es\/faqs\/","title":{"rendered":"FAQs"},"content":{"rendered":"\t\t<div data-elementor-type=\"wp-page\" data-elementor-id=\"1826\" class=\"elementor elementor-1826 elementor-1017\" data-elementor-post-type=\"page\">\n\t\t\t\t<div class=\"elementor-element elementor-element-39111a3 e-flex e-con-boxed e-con e-parent\" data-id=\"39111a3\" data-element_type=\"container\" data-settings=\"{&quot;background_background&quot;:&quot;classic&quot;,&quot;background_motion_fx_motion_fx_scrolling&quot;:&quot;yes&quot;,&quot;background_motion_fx_translateY_effect&quot;:&quot;yes&quot;,&quot;background_motion_fx_translateY_speed&quot;:{&quot;unit&quot;:&quot;px&quot;,&quot;size&quot;:1,&quot;sizes&quot;:[]},&quot;background_motion_fx_translateY_affectedRange&quot;:{&quot;unit&quot;:&quot;%&quot;,&quot;size&quot;:&quot;&quot;,&quot;sizes&quot;:{&quot;start&quot;:0,&quot;end&quot;:100}},&quot;background_motion_fx_devices&quot;:[&quot;widescreen&quot;,&quot;desktop&quot;,&quot;laptop&quot;,&quot;tablet_extra&quot;,&quot;tablet&quot;,&quot;mobile_extra&quot;,&quot;mobile&quot;],&quot;jet_parallax_layout_list&quot;:[]}\">\n\t\t\t\t\t<div class=\"e-con-inner\">\n\t\t\t\t<div class=\"elementor-element elementor-element-0f6e169 elementor-widget-divider--view-line_text elementor-widget-divider--element-align-center elementor-widget elementor-widget-divider\" data-id=\"0f6e169\" data-element_type=\"widget\" data-widget_type=\"divider.default\">\n\t\t\t\t<div class=\"elementor-widget-container\">\n\t\t\t\t\t\t\t<div class=\"elementor-divider\">\n\t\t\t<span class=\"elementor-divider-separator\">\n\t\t\t\t\t\t\t<h6 class=\"elementor-divider__text elementor-divider__element\">\n\t\t\t\tSocios\t\t\t\t<\/h6>\n\t\t\t\t\t\t<\/span>\n\t\t<\/div>\n\t\t\t\t\t\t<\/div>\n\t\t\t\t<\/div>\n\t\t\t\t<div class=\"elementor-element elementor-element-815aa40 elementor-widget elementor-widget-heading\" data-id=\"815aa40\" data-element_type=\"widget\" data-widget_type=\"heading.default\">\n\t\t\t\t<div class=\"elementor-widget-container\">\n\t\t\t\t\t<h1 class=\"elementor-heading-title elementor-size-default\">Preguntas frecuentes<\/h1>\t\t\t\t<\/div>\n\t\t\t\t<\/div>\n\t\t\t\t\t<\/div>\n\t\t\t\t<\/div>\n\t\t<div class=\"elementor-element elementor-element-5c533bb e-flex e-con-boxed e-con e-parent\" data-id=\"5c533bb\" data-element_type=\"container\" data-settings=\"{&quot;jet_parallax_layout_list&quot;:[]}\">\n\t\t\t\t\t<div class=\"e-con-inner\">\n\t\t\t\t<div class=\"elementor-element elementor-element-27c9c30 elementor-widget elementor-widget-heading\" data-id=\"27c9c30\" data-element_type=\"widget\" data-widget_type=\"heading.default\">\n\t\t\t\t<div class=\"elementor-widget-container\">\n\t\t\t\t\t<h2 class=\"elementor-heading-title elementor-size-default\">FAQs<\/h2>\t\t\t\t<\/div>\n\t\t\t\t<\/div>\n\t\t\t\t<div class=\"elementor-element elementor-element-9f760a7 elementor-widget elementor-widget-heading\" data-id=\"9f760a7\" data-element_type=\"widget\" data-widget_type=\"heading.default\">\n\t\t\t\t<div class=\"elementor-widget-container\">\n\t\t\t\t\t<h5 class=\"elementor-heading-title elementor-size-default\">1. \u00bfQu\u00e9 actividades puedo disfrutar en el Valle de San Nicol\u00e1s?<\/h5>\t\t\t\t<\/div>\n\t\t\t\t<\/div>\n\t\t\t\t<div class=\"elementor-element elementor-element-9e0dd97 elementor-widget elementor-widget-text-editor\" data-id=\"9e0dd97\" data-element_type=\"widget\" data-widget_type=\"text-editor.default\">\n\t\t\t\t<div class=\"elementor-widget-container\">\n\t\t\t\t\t\t\t\t\t<p>El Valle de San Nicol\u00e1s ofrece una variedad de actividades que incluyen caminatas, observaci\u00f3n de aves, pesca, campamentos y diversos eventos deportivos. El valle tambi\u00e9n es un gran lugar para la exploraci\u00f3n cultural con sus monumentos hist\u00f3ricos y festivales locales.<\/p>\n\t\t\t\t\t\t\t\t<\/div>\n\t\t\t\t<\/div>\n\t\t\t\t<div class=\"elementor-element elementor-element-32108e2 elementor-widget elementor-widget-heading\" data-id=\"32108e2\" data-element_type=\"widget\" data-widget_type=\"heading.default\">\n\t\t\t\t<div class=\"elementor-widget-container\">\n\t\t\t\t\t<h5 class=\"elementor-heading-title elementor-size-default\">2. \u00bfHay opciones de alojamiento disponibles en el valle?<\/h5>\t\t\t\t<\/div>\n\t\t\t\t<\/div>\n\t\t\t\t<div class=\"elementor-element elementor-element-1a1f7a0 elementor-widget elementor-widget-text-editor\" data-id=\"1a1f7a0\" data-element_type=\"widget\" data-widget_type=\"text-editor.default\">\n\t\t\t\t<div class=\"elementor-widget-container\">\n\t\t\t\t\t\t\t\t\t<p>S\u00ed, existen m\u00faltiples opciones de alojamiento que van desde acogedores bed and breakfast hasta complejos tur\u00edsticos de lujo. Ya sea que prefiera una caba\u00f1a r\u00fastica en el bosque o una c\u00f3moda habitaci\u00f3n de hotel, encontrar\u00e1 algo que se adapte a sus necesidades.<\/p>\n\t\t\t\t\t\t\t\t<\/div>\n\t\t\t\t<\/div>\n\t\t\t\t<div class=\"elementor-element elementor-element-2c9780f elementor-widget elementor-widget-heading\" data-id=\"2c9780f\" data-element_type=\"widget\" data-widget_type=\"heading.default\">\n\t\t\t\t<div class=\"elementor-widget-container\">\n\t\t\t\t\t<h5 class=\"elementor-heading-title elementor-size-default\">3. \u00bfEl Valle de San Nicol\u00e1s es ideal para familias?<\/h5>\t\t\t\t<\/div>\n\t\t\t\t<\/div>\n\t\t\t\t<div class=\"elementor-element elementor-element-893aed7 elementor-widget elementor-widget-text-editor\" data-id=\"893aed7\" data-element_type=\"widget\" data-widget_type=\"text-editor.default\">\n\t\t\t\t<div class=\"elementor-widget-container\">\n\t\t\t\t\t\t\t\t\t<p>\u00a1Absolutamente! El valle es un destino perfecto para familias. Muchas actividades son adecuadas para todas las edades y hay eventos especiales y \u00e1reas dise\u00f1adas para ni\u00f1os.<\/p>\n\t\t\t\t\t\t\t\t<\/div>\n\t\t\t\t<\/div>\n\t\t\t\t<div class=\"elementor-element elementor-element-05dff7f elementor-widget elementor-widget-heading\" data-id=\"05dff7f\" data-element_type=\"widget\" data-widget_type=\"heading.default\">\n\t\t\t\t<div class=\"elementor-widget-container\">\n\t\t\t\t\t<h5 class=\"elementor-heading-title elementor-size-default\">4. \u00bfPuedo realizar eventos o bodas en el valle?<\/h5>\t\t\t\t<\/div>\n\t\t\t\t<\/div>\n\t\t\t\t<div class=\"elementor-element elementor-element-36438a3 elementor-widget elementor-widget-text-editor\" data-id=\"36438a3\" data-element_type=\"widget\" data-widget_type=\"text-editor.default\">\n\t\t\t\t<div class=\"elementor-widget-container\">\n\t\t\t\t\t\t\t\t\t<p>S\u00ed, el Valle de San Nicol\u00e1s es un lugar ideal para celebrar eventos y bodas. Con su tel\u00f3n de fondo esc\u00e9nico y sus vers\u00e1tiles instalaciones, ofrece un entorno \u00fanico para sus ocasiones especiales.<\/p>\n\t\t\t\t\t\t\t\t<\/div>\n\t\t\t\t<\/div>\n\t\t\t\t<div class=\"elementor-element elementor-element-c04d75f elementor-widget elementor-widget-heading\" data-id=\"c04d75f\" data-element_type=\"widget\" data-widget_type=\"heading.default\">\n\t\t\t\t<div class=\"elementor-widget-container\">\n\t\t\t\t\t<h5 class=\"elementor-heading-title elementor-size-default\">5. \u00bfQu\u00e9 tan accesible es el Valle de San Nicol\u00e1s?<\/h5>\t\t\t\t<\/div>\n\t\t\t\t<\/div>\n\t\t\t\t<div class=\"elementor-element elementor-element-e931079 elementor-widget elementor-widget-text-editor\" data-id=\"e931079\" data-element_type=\"widget\" data-widget_type=\"text-editor.default\">\n\t\t\t\t<div class=\"elementor-widget-container\">\n\t\t\t\t\t\t\t\t\t<p>El valle es f\u00e1cilmente accesible por carretera. Hay indicaciones claras y se\u00f1alizaci\u00f3n para guiar a los visitantes. Para aquellos que viajan desde lejos, el aeropuerto m\u00e1s cercano est\u00e1 a s\u00f3lo una hora en coche.<\/p>\n\t\t\t\t\t\t\t\t<\/div>\n\t\t\t\t<\/div>\n\t\t\t\t<div class=\"elementor-element elementor-element-15a6131 elementor-widget elementor-widget-heading\" data-id=\"15a6131\" data-element_type=\"widget\" data-widget_type=\"heading.default\">\n\t\t\t\t<div class=\"elementor-widget-container\">\n\t\t\t\t\t<h5 class=\"elementor-heading-title elementor-size-default\">6. \u00bfHay opciones para cenar en el Valle de San Nicol\u00e1s?<\/h5>\t\t\t\t<\/div>\n\t\t\t\t<\/div>\n\t\t\t\t<div class=\"elementor-element elementor-element-3dba2cf elementor-widget elementor-widget-text-editor\" data-id=\"3dba2cf\" data-element_type=\"widget\" data-widget_type=\"text-editor.default\">\n\t\t\t\t<div class=\"elementor-widget-container\">\n\t\t\t\t\t\t\t\t\t<p>S\u00ed, Valle de San Nicol\u00e1s, cuenta con una gran variedad de opciones para comer. Desde restaurantes de la granja a la mesa hasta caf\u00e9s pintorescos, hay una amplia gama de experiencias culinarias para disfrutar, con ingredientes locales frescos.<\/p>\n\t\t\t\t\t\t\t\t<\/div>\n\t\t\t\t<\/div>\n\t\t\t\t<div class=\"elementor-element elementor-element-8013e6b elementor-widget elementor-widget-heading\" data-id=\"8013e6b\" data-element_type=\"widget\" data-widget_type=\"heading.default\">\n\t\t\t\t<div class=\"elementor-widget-container\">\n\t\t\t\t\t<h5 class=\"elementor-heading-title elementor-size-default\">7. \u00bfCu\u00e1l es la mejor \u00e9poca para visitar el Valle de San Nicol\u00e1s?<\/h5>\t\t\t\t<\/div>\n\t\t\t\t<\/div>\n\t\t\t\t<div class=\"elementor-element elementor-element-33d5a00 elementor-widget elementor-widget-text-editor\" data-id=\"33d5a00\" data-element_type=\"widget\" data-widget_type=\"text-editor.default\">\n\t\t\t\t<div class=\"elementor-widget-container\">\n\t\t\t\t\t\t\t\t\t<p>El Valle de San Nicol\u00e1s es hermoso durante todo el a\u00f1o, pero la experiencia var\u00eda seg\u00fan las estaciones. La primavera ofrece flores, el verano es perfecto para actividades al aire libre, el oto\u00f1o trae un follaje impresionante y el invierno ofrece una visita m\u00e1s tranquila y pac\u00edfica.<\/p>\n\t\t\t\t\t\t\t\t<\/div>\n\t\t\t\t<\/div>\n\t\t\t\t<div class=\"elementor-element elementor-element-c63c133 elementor-widget elementor-widget-heading\" data-id=\"c63c133\" data-element_type=\"widget\" data-widget_type=\"heading.default\">\n\t\t\t\t<div class=\"elementor-widget-container\">\n\t\t\t\t\t<h5 class=\"elementor-heading-title elementor-size-default\">8. \u00bfHay alg\u00fan gu\u00eda o servicio tur\u00edstico disponible?<\/h5>\t\t\t\t<\/div>\n\t\t\t\t<\/div>\n\t\t\t\t<div class=\"elementor-element elementor-element-a50333c elementor-widget elementor-widget-text-editor\" data-id=\"a50333c\" data-element_type=\"widget\" data-widget_type=\"text-editor.default\">\n\t\t\t\t<div class=\"elementor-widget-container\">\n\t\t\t\t\t\t\t\t\t<p>S\u00ed, hay visitas guiadas disponibles y pueden ser una excelente manera de aprender sobre la historia y el paisaje natural del valle. Estos tours se pueden reservar con antelaci\u00f3n a trav\u00e9s de nuestro sitio web o de operadores tur\u00edsticos locales.<\/p>\n\t\t\t\t\t\t\t\t<\/div>\n\t\t\t\t<\/div>\n\t\t\t\t<div class=\"elementor-element elementor-element-3ca0ddc elementor-widget elementor-widget-heading\" data-id=\"3ca0ddc\" data-element_type=\"widget\" data-widget_type=\"heading.default\">\n\t\t\t\t<div class=\"elementor-widget-container\">\n\t\t\t\t\t<h5 class=\"elementor-heading-title elementor-size-default\">9. \u00bfExisten pautas o reglas especiales a seguir en el valle?<\/h5>\t\t\t\t<\/div>\n\t\t\t\t<\/div>\n\t\t\t\t<div class=\"elementor-element elementor-element-4497e82 elementor-widget elementor-widget-text-editor\" data-id=\"4497e82\" data-element_type=\"widget\" data-widget_type=\"text-editor.default\">\n\t\t\t\t<div class=\"elementor-widget-container\">\n\t\t\t\t\t\t\t\t\t<p>Se pide a los visitantes que respeten el entorno natural, cumplan con las pautas de los senderos y sigan las reglas publicadas, especialmente en \u00e1reas protegidas. El valle es un destino ecol\u00f3gico y centrado en la comunidad.<\/p>\n\t\t\t\t\t\t\t\t<\/div>\n\t\t\t\t<\/div>\n\t\t\t\t<div class=\"elementor-element elementor-element-6378163 elementor-widget elementor-widget-heading\" data-id=\"6378163\" data-element_type=\"widget\" data-widget_type=\"heading.default\">\n\t\t\t\t<div class=\"elementor-widget-container\">\n\t\t\t\t\t<h5 class=\"elementor-heading-title elementor-size-default\">10. \u00bfC\u00f3mo puedo mantenerme actualizado sobre eventos y noticias en el Valle de San Nicol\u00e1s?<\/h5>\t\t\t\t<\/div>\n\t\t\t\t<\/div>\n\t\t\t\t<div class=\"elementor-element elementor-element-303b2dc elementor-widget elementor-widget-text-editor\" data-id=\"303b2dc\" data-element_type=\"widget\" data-widget_type=\"text-editor.default\">\n\t\t\t\t<div class=\"elementor-widget-container\">\n\t\t\t\t\t\t\t\t\t<p>Puede mantenerse actualizado suscribi\u00e9ndose a nuestro bolet\u00edn informativo, sigui\u00e9ndonos en las redes sociales o visitando peri\u00f3dicamente nuestro sitio web para obtener las \u00faltimas noticias e informaci\u00f3n sobre eventos.<\/p>\n\t\t\t\t\t\t\t\t<\/div>\n\t\t\t\t<\/div>\n\t\t\t\t\t<\/div>\n\t\t\t\t<\/div>\n\t\t<div class=\"elementor-element elementor-element-ea5c704 e-flex e-con-boxed e-con e-parent\" data-id=\"ea5c704\" data-element_type=\"container\" data-settings=\"{&quot;background_background&quot;:&quot;classic&quot;,&quot;jet_parallax_layout_list&quot;:[]}\">\n\t\t\t\t\t<div class=\"e-con-inner\">\n\t\t\t\t<div class=\"elementor-element elementor-element-32835db elementor-widget elementor-widget-heading\" data-id=\"32835db\" data-element_type=\"widget\" data-widget_type=\"heading.default\">\n\t\t\t\t<div class=\"elementor-widget-container\">\n\t\t\t\t\t<h5 class=\"elementor-heading-title elementor-size-default\">Sigue Nuestras Redes Sociales<\/h5>\t\t\t\t<\/div>\n\t\t\t\t<\/div>\n\t\t\t\t<div class=\"elementor-element elementor-element-39bd870 elementor-widget elementor-widget-text-editor\" data-id=\"39bd870\" data-element_type=\"widget\" data-widget_type=\"text-editor.default\">\n\t\t\t\t<div class=\"elementor-widget-container\">\n\t\t\t\t\t\t\t\t\t<p>Siga a <strong>@VisitSanNicolasValley<\/strong> en las plataformas de redes sociales de su empresa y use el hashtag <strong>#VisitSanNicolasValley<\/strong> para que podamos ver sus publicaciones y compartirlas en nuestros canales.<\/p>\n\t\t\t\t\t\t\t\t<\/div>\n\t\t\t\t<\/div>\n\t\t\t\t<div class=\"elementor-element elementor-element-3c56a5b elementor-widget elementor-widget-heading\" data-id=\"3c56a5b\" data-element_type=\"widget\" data-widget_type=\"heading.default\">\n\t\t\t\t<div class=\"elementor-widget-container\">\n\t\t\t\t\t<h5 class=\"elementor-heading-title elementor-size-default\">Danos tu opinion<\/h5>\t\t\t\t<\/div>\n\t\t\t\t<\/div>\n\t\t\t\t<div class=\"elementor-element elementor-element-ff52bb2 elementor-widget elementor-widget-text-editor\" data-id=\"ff52bb2\" data-element_type=\"widget\" data-widget_type=\"text-editor.default\">\n\t\t\t\t<div class=\"elementor-widget-container\">\n\t\t\t\t\t\t\t\t\t<p>Queremos saber de usted&#8230; lo positivo y lo negativo. Queremos saber lo que tu<br \/>piensas que podr\u00edamos hacer mejor, o nuevas ideas que no estamos usando actualmente. Tus comentarios<br \/>ay\u00fadenos a ofrecer excelencia y hacernos mejores, por lo que agradecemos todos los comentarios.<\/p>\n\t\t\t\t\t\t\t\t<\/div>\n\t\t\t\t<\/div>\n\t\t\t\t<div class=\"elementor-element elementor-element-ae74cec elementor-widget-divider--view-line elementor-widget elementor-widget-divider\" data-id=\"ae74cec\" data-element_type=\"widget\" data-widget_type=\"divider.default\">\n\t\t\t\t<div class=\"elementor-widget-container\">\n\t\t\t\t\t\t\t<div class=\"elementor-divider\">\n\t\t\t<span class=\"elementor-divider-separator\">\n\t\t\t\t\t\t<\/span>\n\t\t<\/div>\n\t\t\t\t\t\t<\/div>\n\t\t\t\t<\/div>\n\t\t\t\t\t<\/div>\n\t\t\t\t<\/div>\n\t\t\t\t<\/div>\n\t\t","protected":false},"excerpt":{"rendered":"<p>Socios Preguntas frecuentes FAQs 1. \u00bfQu\u00e9 actividades puedo disfrutar en el Valle de San Nicol\u00e1s? El Valle de San Nicol\u00e1s ofrece una variedad de actividades que incluyen caminatas, observaci\u00f3n de aves, pesca, campamentos y diversos eventos deportivos. El valle tambi\u00e9n es un gran lugar para la exploraci\u00f3n cultural con sus monumentos hist\u00f3ricos y festivales locales. [&hellip;]<\/p>\n","protected":false},"author":1,"featured_media":0,"parent":0,"menu_order":0,"comment_status":"closed","ping_status":"closed","template":"","meta":{"_joinchat":[],"footnotes":""},"class_list":["post-1826","page","type-page","status-publish","hentry"],"yoast_head":"<!-- This site is optimized with the Yoast SEO plugin v27.2 - https:\/\/yoast.com\/product\/yoast-seo-wordpress\/ -->\n<title>FAQs - San Nicolas Valley<\/title>\n<meta name=\"robots\" content=\"index, follow, max-snippet:-1, max-image-preview:large, max-video-preview:-1\" \/>\n<link rel=\"canonical\" href=\"https:\/\/sannicolasvalley.com\/es\/faqs\/\" \/>\n<meta property=\"og:locale\" content=\"es_ES\" \/>\n<meta property=\"og:type\" content=\"article\" \/>\n<meta property=\"og:title\" content=\"FAQs - San Nicolas Valley\" \/>\n<meta property=\"og:description\" content=\"Socios Preguntas frecuentes FAQs 1. \u00bfQu\u00e9 actividades puedo disfrutar en el Valle de San Nicol\u00e1s? El Valle de San Nicol\u00e1s ofrece una variedad de actividades que incluyen caminatas, observaci\u00f3n de aves, pesca, campamentos y diversos eventos deportivos. El valle tambi\u00e9n es un gran lugar para la exploraci\u00f3n cultural con sus monumentos hist\u00f3ricos y festivales locales. [&hellip;]\" \/>\n<meta property=\"og:url\" content=\"https:\/\/sannicolasvalley.com\/es\/faqs\/\" \/>\n<meta property=\"og:site_name\" content=\"San Nicolas Valley\" \/>\n<meta property=\"article:publisher\" content=\"https:\/\/www.facebook.com\/profile.php?id=61562040794842\" \/>\n<meta property=\"article:modified_time\" content=\"2024-04-17T02:45:05+00:00\" \/>\n<meta property=\"og:image\" content=\"https:\/\/sannicolasvalley.com\/wp-content\/uploads\/2024\/01\/golfista.jpg\" \/>\n\t<meta property=\"og:image:width\" content=\"2560\" \/>\n\t<meta property=\"og:image:height\" content=\"1150\" \/>\n\t<meta property=\"og:image:type\" content=\"image\/jpeg\" \/>\n<meta name=\"twitter:card\" content=\"summary_large_image\" \/>\n<meta name=\"twitter:label1\" content=\"Tiempo de lectura\" \/>\n\t<meta name=\"twitter:data1\" content=\"3 minutos\" \/>\n<script type=\"application\/ld+json\" class=\"yoast-schema-graph\">{\"@context\":\"https:\/\/schema.org\",\"@graph\":[{\"@type\":\"WebPage\",\"@id\":\"https:\/\/sannicolasvalley.com\/es\/faqs\/\",\"url\":\"https:\/\/sannicolasvalley.com\/es\/faqs\/\",\"name\":\"FAQs - San Nicolas Valley\",\"isPartOf\":{\"@id\":\"https:\/\/sannicolasvalley.com\/es\/#website\"},\"datePublished\":\"2024-02-03T01:07:29+00:00\",\"dateModified\":\"2024-04-17T02:45:05+00:00\",\"breadcrumb\":{\"@id\":\"https:\/\/sannicolasvalley.com\/es\/faqs\/#breadcrumb\"},\"inLanguage\":\"es\",\"potentialAction\":[{\"@type\":\"ReadAction\",\"target\":[\"https:\/\/sannicolasvalley.com\/es\/faqs\/\"]}]},{\"@type\":\"BreadcrumbList\",\"@id\":\"https:\/\/sannicolasvalley.com\/es\/faqs\/#breadcrumb\",\"itemListElement\":[{\"@type\":\"ListItem\",\"position\":1,\"name\":\"Home\",\"item\":\"https:\/\/sannicolasvalley.com\/es\/\"},{\"@type\":\"ListItem\",\"position\":2,\"name\":\"FAQs\"}]},{\"@type\":\"WebSite\",\"@id\":\"https:\/\/sannicolasvalley.com\/es\/#website\",\"url\":\"https:\/\/sannicolasvalley.com\/es\/\",\"name\":\"San Nicolas Valley\",\"description\":\"\",\"publisher\":{\"@id\":\"https:\/\/sannicolasvalley.com\/es\/#organization\"},\"potentialAction\":[{\"@type\":\"SearchAction\",\"target\":{\"@type\":\"EntryPoint\",\"urlTemplate\":\"https:\/\/sannicolasvalley.com\/es\/?s={search_term_string}\"},\"query-input\":{\"@type\":\"PropertyValueSpecification\",\"valueRequired\":true,\"valueName\":\"search_term_string\"}}],\"inLanguage\":\"es\"},{\"@type\":\"Organization\",\"@id\":\"https:\/\/sannicolasvalley.com\/es\/#organization\",\"name\":\"San Nicolas Valley\",\"url\":\"https:\/\/sannicolasvalley.com\/es\/\",\"logo\":{\"@type\":\"ImageObject\",\"inLanguage\":\"es\",\"@id\":\"https:\/\/sannicolasvalley.com\/es\/#\/schema\/logo\/image\/\",\"url\":\"https:\/\/sannicolasvalley.com\/wp-content\/uploads\/2024\/08\/Screenshot-2024-08-09-at-8.31.31\u202fPM.png\",\"contentUrl\":\"https:\/\/sannicolasvalley.com\/wp-content\/uploads\/2024\/08\/Screenshot-2024-08-09-at-8.31.31\u202fPM.png\",\"width\":1368,\"height\":1260,\"caption\":\"San Nicolas Valley\"},\"image\":{\"@id\":\"https:\/\/sannicolasvalley.com\/es\/#\/schema\/logo\/image\/\"},\"sameAs\":[\"https:\/\/www.facebook.com\/profile.php?id=61562040794842\",\"https:\/\/www.instagram.com\/sannicolasvalley\/\"]}]}<\/script>\n<!-- \/ Yoast SEO plugin. -->","yoast_head_json":{"title":"FAQs - San Nicolas Valley","robots":{"index":"index","follow":"follow","max-snippet":"max-snippet:-1","max-image-preview":"max-image-preview:large","max-video-preview":"max-video-preview:-1"},"canonical":"https:\/\/sannicolasvalley.com\/es\/faqs\/","og_locale":"es_ES","og_type":"article","og_title":"FAQs - San Nicolas Valley","og_description":"Socios Preguntas frecuentes FAQs 1. \u00bfQu\u00e9 actividades puedo disfrutar en el Valle de San Nicol\u00e1s? El Valle de San Nicol\u00e1s ofrece una variedad de actividades que incluyen caminatas, observaci\u00f3n de aves, pesca, campamentos y diversos eventos deportivos. El valle tambi\u00e9n es un gran lugar para la exploraci\u00f3n cultural con sus monumentos hist\u00f3ricos y festivales locales. [&hellip;]","og_url":"https:\/\/sannicolasvalley.com\/es\/faqs\/","og_site_name":"San Nicolas Valley","article_publisher":"https:\/\/www.facebook.com\/profile.php?id=61562040794842","article_modified_time":"2024-04-17T02:45:05+00:00","og_image":[{"width":2560,"height":1150,"url":"https:\/\/sannicolasvalley.com\/wp-content\/uploads\/2024\/01\/golfista.jpg","type":"image\/jpeg"}],"twitter_card":"summary_large_image","twitter_misc":{"Tiempo de lectura":"3 minutos"},"schema":{"@context":"https:\/\/schema.org","@graph":[{"@type":"WebPage","@id":"https:\/\/sannicolasvalley.com\/es\/faqs\/","url":"https:\/\/sannicolasvalley.com\/es\/faqs\/","name":"FAQs - San Nicolas Valley","isPartOf":{"@id":"https:\/\/sannicolasvalley.com\/es\/#website"},"datePublished":"2024-02-03T01:07:29+00:00","dateModified":"2024-04-17T02:45:05+00:00","breadcrumb":{"@id":"https:\/\/sannicolasvalley.com\/es\/faqs\/#breadcrumb"},"inLanguage":"es","potentialAction":[{"@type":"ReadAction","target":["https:\/\/sannicolasvalley.com\/es\/faqs\/"]}]},{"@type":"BreadcrumbList","@id":"https:\/\/sannicolasvalley.com\/es\/faqs\/#breadcrumb","itemListElement":[{"@type":"ListItem","position":1,"name":"Home","item":"https:\/\/sannicolasvalley.com\/es\/"},{"@type":"ListItem","position":2,"name":"FAQs"}]},{"@type":"WebSite","@id":"https:\/\/sannicolasvalley.com\/es\/#website","url":"https:\/\/sannicolasvalley.com\/es\/","name":"San Nicolas Valley","description":"","publisher":{"@id":"https:\/\/sannicolasvalley.com\/es\/#organization"},"potentialAction":[{"@type":"SearchAction","target":{"@type":"EntryPoint","urlTemplate":"https:\/\/sannicolasvalley.com\/es\/?s={search_term_string}"},"query-input":{"@type":"PropertyValueSpecification","valueRequired":true,"valueName":"search_term_string"}}],"inLanguage":"es"},{"@type":"Organization","@id":"https:\/\/sannicolasvalley.com\/es\/#organization","name":"San Nicolas Valley","url":"https:\/\/sannicolasvalley.com\/es\/","logo":{"@type":"ImageObject","inLanguage":"es","@id":"https:\/\/sannicolasvalley.com\/es\/#\/schema\/logo\/image\/","url":"https:\/\/sannicolasvalley.com\/wp-content\/uploads\/2024\/08\/Screenshot-2024-08-09-at-8.31.31\u202fPM.png","contentUrl":"https:\/\/sannicolasvalley.com\/wp-content\/uploads\/2024\/08\/Screenshot-2024-08-09-at-8.31.31\u202fPM.png","width":1368,"height":1260,"caption":"San Nicolas Valley"},"image":{"@id":"https:\/\/sannicolasvalley.com\/es\/#\/schema\/logo\/image\/"},"sameAs":["https:\/\/www.facebook.com\/profile.php?id=61562040794842","https:\/\/www.instagram.com\/sannicolasvalley\/"]}]}},"_links":{"self":[{"href":"https:\/\/sannicolasvalley.com\/es\/wp-json\/wp\/v2\/pages\/1826","targetHints":{"allow":["GET"]}}],"collection":[{"href":"https:\/\/sannicolasvalley.com\/es\/wp-json\/wp\/v2\/pages"}],"about":[{"href":"https:\/\/sannicolasvalley.com\/es\/wp-json\/wp\/v2\/types\/page"}],"author":[{"embeddable":true,"href":"https:\/\/sannicolasvalley.com\/es\/wp-json\/wp\/v2\/users\/1"}],"replies":[{"embeddable":true,"href":"https:\/\/sannicolasvalley.com\/es\/wp-json\/wp\/v2\/comments?post=1826"}],"version-history":[{"count":1,"href":"https:\/\/sannicolasvalley.com\/es\/wp-json\/wp\/v2\/pages\/1826\/revisions"}],"predecessor-version":[{"id":1827,"href":"https:\/\/sannicolasvalley.com\/es\/wp-json\/wp\/v2\/pages\/1826\/revisions\/1827"}],"wp:attachment":[{"href":"https:\/\/sannicolasvalley.com\/es\/wp-json\/wp\/v2\/media?parent=1826"}],"curies":[{"name":"wp","href":"https:\/\/api.w.org\/{rel}","templated":true}]}}